{"id":18894,"date":"2018-11-02T10:43:14","date_gmt":"2018-11-02T10:43:14","guid":{"rendered":"https:\/\/www.power2max.com\/product\/ngeco-rotor-aldhu-powermeter-track\/"},"modified":"2025-10-29T23:22:16","modified_gmt":"2025-10-29T23:22:16","slug":"ngeco-rotor-aldhu-powermeter-track","status":"publish","type":"product","link":"https:\/\/www.power2max.com\/de\/produkt\/ngeco-rotor-aldhu-powermeter-track\/","title":{"rendered":"NGeco Rotor ALDHU Powermeter Track"},"content":{"rendered":"<p>Der NGeco Rotor ALDHU Powermeter Track ist speziell f\u00fcr den Einsatz auf Bahnr\u00e4dern entwickelt und der Powermeter f\u00fcr alle diejenigen, die bereits im Besitz einer Rotor ALDHU- oder VEGAST-Kurbel sind. Dabei ist es egal, ob es sich um eine 30mm-oder eine 24mm-Achse handelt. Der Powermeter ist f\u00fcr Kettenbl\u00e4tter mit dem Lochkreis 144mm geeignet. Der Powermeter ist nicht mit der speziellen Rotor-Track-Axle kompatibel.<\/p>\n","protected":false},"excerpt":{"rendered":"<p>Der NGeco Rotor ALDHU Powermeter Track ist speziell f\u00fcr den Einsatz auf Bahnr\u00e4dern entwickelt und der Powermeter f\u00fcr alle diejenigen, [&hellip;]<\/p>\n","protected":false},"featured_media":0,"comment_status":"open","ping_status":"closed","template":"","meta":[],"product_brand":[],"product_cat":[377,389],"product_tag":[],"model":[161],"class_list":{"0":"post-18894","1":"product","2":"type-product","3":"status-publish","5":"product_cat-32-de","6":"product_cat-power-meter-de","7":"model-rotor","9":"first","10":"instock","11":"taxable","12":"shipping-taxable","13":"purchasable","14":"product-type-simple"},"acf":[],"_links":{"self":[{"href":"https:\/\/www.power2max.com\/de\/wp-json\/wp\/v2\/product\/18894","targetHints":{"allow":["GET"]}}],"collection":[{"href":"https:\/\/www.power2max.com\/de\/wp-json\/wp\/v2\/product"}],"about":[{"href":"https:\/\/www.power2max.com\/de\/wp-json\/wp\/v2\/types\/product"}],"replies":[{"embeddable":true,"href":"https:\/\/www.power2max.com\/de\/wp-json\/wp\/v2\/comments?post=18894"}],"wp:attachment":[{"href":"https:\/\/www.power2max.com\/de\/wp-json\/wp\/v2\/media?parent=18894"}],"wp:term":[{"taxonomy":"product_brand","embeddable":true,"href":"https:\/\/www.power2max.com\/de\/wp-json\/wp\/v2\/product_brand?post=18894"},{"taxonomy":"product_cat","embeddable":true,"href":"https:\/\/www.power2max.com\/de\/wp-json\/wp\/v2\/product_cat?post=18894"},{"taxonomy":"product_tag","embeddable":true,"href":"https:\/\/www.power2max.com\/de\/wp-json\/wp\/v2\/product_tag?post=18894"},{"taxonomy":"model","embeddable":true,"href":"https:\/\/www.power2max.com\/de\/wp-json\/wp\/v2\/model?post=18894"}],"curies":[{"name":"wp","href":"https:\/\/api.w.org\/{rel}","templated":true}]}}