{"id":18893,"date":"2018-11-02T10:43:15","date_gmt":"2018-11-02T10:43:15","guid":{"rendered":"https:\/\/www.power2max.com\/product\/ngeco-rotor-aldhu-powermeter-set-track\/"},"modified":"2025-10-29T23:22:17","modified_gmt":"2025-10-29T23:22:17","slug":"ngeco-rotor-aldhu-powermeter-set-track","status":"publish","type":"product","link":"https:\/\/www.power2max.com\/de\/produkt\/ngeco-rotor-aldhu-powermeter-set-track\/","title":{"rendered":"NGeco Rotor ALDHU 30 Powermeter-Set Track"},"content":{"rendered":"<p>Das NGeco Rotor ALDHU 30 Powermeter-Set Track besteht aus dem NGeco Track Powermeter-Spider und dem Rotor ALDHU Kurbelsatz mit 30mm Aluminium-Achse. Der NGeco Track Powermeter-Spider ist speziell f\u00fcr den Einsatz auf Bahnr\u00e4dern entwickelt und ist f\u00fcr Kettenbl\u00e4tter mit dem Lochkreis 144mm geeignet.<b>Lieferumfang:<\/b> Leistungsmesser, Batterie, Batteriekappe, 2D-Farbring, Kurbelsatz mit Kurbelachse, Quickstart-Guide<\/p>\n","protected":false},"excerpt":{"rendered":"<p>Das NGeco Rotor ALDHU 30 Powermeter-Set Track besteht aus dem NGeco Track Powermeter-Spider und dem Rotor ALDHU Kurbelsatz mit 30mm [&hellip;]<\/p>\n","protected":false},"featured_media":0,"comment_status":"open","ping_status":"closed","template":"","meta":[],"product_brand":[],"product_cat":[377,389],"product_tag":[],"model":[161],"class_list":{"0":"post-18893","1":"product","2":"type-product","3":"status-publish","5":"product_cat-32-de","6":"product_cat-power-meter-de","7":"model-rotor","9":"first","10":"instock","11":"taxable","12":"shipping-taxable","13":"purchasable","14":"product-type-simple"},"acf":[],"_links":{"self":[{"href":"https:\/\/www.power2max.com\/de\/wp-json\/wp\/v2\/product\/18893","targetHints":{"allow":["GET"]}}],"collection":[{"href":"https:\/\/www.power2max.com\/de\/wp-json\/wp\/v2\/product"}],"about":[{"href":"https:\/\/www.power2max.com\/de\/wp-json\/wp\/v2\/types\/product"}],"replies":[{"embeddable":true,"href":"https:\/\/www.power2max.com\/de\/wp-json\/wp\/v2\/comments?post=18893"}],"wp:attachment":[{"href":"https:\/\/www.power2max.com\/de\/wp-json\/wp\/v2\/media?parent=18893"}],"wp:term":[{"taxonomy":"product_brand","embeddable":true,"href":"https:\/\/www.power2max.com\/de\/wp-json\/wp\/v2\/product_brand?post=18893"},{"taxonomy":"product_cat","embeddable":true,"href":"https:\/\/www.power2max.com\/de\/wp-json\/wp\/v2\/product_cat?post=18893"},{"taxonomy":"product_tag","embeddable":true,"href":"https:\/\/www.power2max.com\/de\/wp-json\/wp\/v2\/product_tag?post=18893"},{"taxonomy":"model","embeddable":true,"href":"https:\/\/www.power2max.com\/de\/wp-json\/wp\/v2\/model?post=18893"}],"curies":[{"name":"wp","href":"https:\/\/api.w.org\/{rel}","templated":true}]}}