{"id":18892,"date":"2018-11-02T10:43:45","date_gmt":"2018-11-02T10:43:45","guid":{"rendered":"https:\/\/www.power2max.com\/product\/ng-rotor-aldhu-powermeter-set-track\/"},"modified":"2025-10-24T23:30:50","modified_gmt":"2025-10-24T23:30:50","slug":"ng-rotor-aldhu-powermeter-set-track","status":"publish","type":"product","link":"https:\/\/www.power2max.com\/de\/produkt\/ng-rotor-aldhu-powermeter-set-track\/","title":{"rendered":"NG Rotor ALDHU  Powermeter-Set Track"},"content":{"rendered":"<p>Das NG Rotor ALDHU Powermeter-Set Track besteht aus dem NG Track Powermeter-Spider und dem Rotor ALDHU Kurbelsatz mit 30mm Aluminium-Achse. Der NG Track Powermeter-Spider ist speziell f\u00fcr den Einsatz auf Bahnr\u00e4dern entwickelt und ist f\u00fcr Kettenbl\u00e4tter mit dem Lochkreis 144mm geeignet.<\/p>\n","protected":false},"excerpt":{"rendered":"<p>Das NG Rotor ALDHU Powermeter-Set Track besteht aus dem NG Track Powermeter-Spider und dem Rotor ALDHU Kurbelsatz mit 30mm Aluminium-Achse. [&hellip;]<\/p>\n","protected":false},"featured_media":0,"comment_status":"open","ping_status":"closed","template":"","meta":[],"product_brand":[],"product_cat":[376,389],"product_tag":[],"model":[161],"class_list":{"0":"post-18892","1":"product","2":"type-product","3":"status-publish","5":"product_cat-31-de","6":"product_cat-power-meter-de","7":"model-rotor","9":"first","10":"instock","11":"taxable","12":"shipping-taxable","13":"purchasable","14":"product-type-simple"},"acf":[],"_links":{"self":[{"href":"https:\/\/www.power2max.com\/de\/wp-json\/wp\/v2\/product\/18892","targetHints":{"allow":["GET"]}}],"collection":[{"href":"https:\/\/www.power2max.com\/de\/wp-json\/wp\/v2\/product"}],"about":[{"href":"https:\/\/www.power2max.com\/de\/wp-json\/wp\/v2\/types\/product"}],"replies":[{"embeddable":true,"href":"https:\/\/www.power2max.com\/de\/wp-json\/wp\/v2\/comments?post=18892"}],"wp:attachment":[{"href":"https:\/\/www.power2max.com\/de\/wp-json\/wp\/v2\/media?parent=18892"}],"wp:term":[{"taxonomy":"product_brand","embeddable":true,"href":"https:\/\/www.power2max.com\/de\/wp-json\/wp\/v2\/product_brand?post=18892"},{"taxonomy":"product_cat","embeddable":true,"href":"https:\/\/www.power2max.com\/de\/wp-json\/wp\/v2\/product_cat?post=18892"},{"taxonomy":"product_tag","embeddable":true,"href":"https:\/\/www.power2max.com\/de\/wp-json\/wp\/v2\/product_tag?post=18892"},{"taxonomy":"model","embeddable":true,"href":"https:\/\/www.power2max.com\/de\/wp-json\/wp\/v2\/model?post=18892"}],"curies":[{"name":"wp","href":"https:\/\/api.w.org\/{rel}","templated":true}]}}