{"id":18891,"date":"2018-11-02T10:43:45","date_gmt":"2018-11-02T10:43:45","guid":{"rendered":"https:\/\/www.power2max.com\/product\/ng-rotor-aldhu-powermeter-track\/"},"modified":"2025-10-24T23:30:49","modified_gmt":"2025-10-24T23:30:49","slug":"ng-rotor-aldhu-powermeter-track","status":"publish","type":"product","link":"https:\/\/www.power2max.com\/de\/produkt\/ng-rotor-aldhu-powermeter-track\/","title":{"rendered":"NG Rotor ALDHU Powermeter Track"},"content":{"rendered":"<p>Der NG Rotor ALDHU Powermeter Track ist speziell f\u00fcr den Einsatz auf Bahnr\u00e4dern entwickelt und der Powermeter f\u00fcr alle diejenigen, die bereits im Besitz einer Rotor ALDHU- oder VEGAST-Kurbel sind. Dabei ist es egal, ob es sich um eine 30mm-oder eine 24mm-Achse handelt. Der Powermeter ist f\u00fcr Kettenbl\u00e4tter mit dem Lochkreis 144mm geeignet. Der Powermeter ist nicht mit der speziellen Rotor-Track-Axle kompatibel.<\/p>\n","protected":false},"excerpt":{"rendered":"<p>Der NG Rotor ALDHU Powermeter Track ist speziell f\u00fcr den Einsatz auf Bahnr\u00e4dern entwickelt und der Powermeter f\u00fcr alle diejenigen, [&hellip;]<\/p>\n","protected":false},"featured_media":0,"comment_status":"open","ping_status":"closed","template":"","meta":[],"product_cat":[376,389],"product_tag":[],"model":[161],"acf":[],"_links":{"self":[{"href":"https:\/\/www.power2max.com\/de\/wp-json\/wp\/v2\/product\/18891"}],"collection":[{"href":"https:\/\/www.power2max.com\/de\/wp-json\/wp\/v2\/product"}],"about":[{"href":"https:\/\/www.power2max.com\/de\/wp-json\/wp\/v2\/types\/product"}],"replies":[{"embeddable":true,"href":"https:\/\/www.power2max.com\/de\/wp-json\/wp\/v2\/comments?post=18891"}],"wp:attachment":[{"href":"https:\/\/www.power2max.com\/de\/wp-json\/wp\/v2\/media?parent=18891"}],"wp:term":[{"taxonomy":"product_cat","embeddable":true,"href":"https:\/\/www.power2max.com\/de\/wp-json\/wp\/v2\/product_cat?post=18891"},{"taxonomy":"product_tag","embeddable":true,"href":"https:\/\/www.power2max.com\/de\/wp-json\/wp\/v2\/product_tag?post=18891"},{"taxonomy":"model","embeddable":true,"href":"https:\/\/www.power2max.com\/de\/wp-json\/wp\/v2\/model?post=18891"}],"curies":[{"name":"wp","href":"https:\/\/api.w.org\/{rel}","templated":true}]}}