{"id":18302,"date":"2018-10-17T10:41:24","date_gmt":"2018-10-17T13:19:57","guid":{"rendered":"https:\/\/www.power2max.com\/product\/rotor-aldhu-kurbelsatz\/"},"modified":"2026-05-01T17:03:22","modified_gmt":"2026-05-01T17:03:22","slug":"rotor-aldhu-kurbelsatz","status":"publish","type":"product","link":"https:\/\/www.power2max.com\/de\/produkt\/rotor-aldhu-kurbelsatz\/","title":{"rendered":"Rotor ALDHU Kurbelsatz"},"content":{"rendered":"<p>Der modulare Aufbau des Rotor ALDHU Kurbelsatzes macht ihn zur idealen Grundlage f\u00fcr die spiderbasierte Leistungsmessung. Die hohlgefr\u00e4\u00dfte Aluminiumkurbel ist die leichteste Rotor-Kurbel und \u00fcberzeugt durch ihre Steifigkeit. Sie ist in den L\u00e4ngen 165, 170, 172,5 und 175cm erh\u00e4ltlich.<\/p>\n","protected":false},"excerpt":{"rendered":"<p>Der modulare Aufbau des Rotor ALDHU Kurbelsatzes macht ihn zur idealen Grundlage f\u00fcr die spiderbasierte Leistungsmessung. Die hohlgefr\u00e4\u00dfte Aluminiumkurbel ist [&hellip;]<\/p>\n","protected":false},"featured_media":0,"comment_status":"open","ping_status":"closed","template":"","meta":[],"product_brand":[],"product_cat":[367],"product_tag":[],"model":[],"class_list":{"0":"post-18302","1":"product","2":"type-product","3":"status-publish","5":"product_cat-10-de","7":"first","8":"instock","9":"taxable","10":"shipping-taxable","11":"purchasable","12":"product-type-variable"},"acf":[],"_links":{"self":[{"href":"https:\/\/www.power2max.com\/de\/wp-json\/wp\/v2\/product\/18302","targetHints":{"allow":["GET"]}}],"collection":[{"href":"https:\/\/www.power2max.com\/de\/wp-json\/wp\/v2\/product"}],"about":[{"href":"https:\/\/www.power2max.com\/de\/wp-json\/wp\/v2\/types\/product"}],"replies":[{"embeddable":true,"href":"https:\/\/www.power2max.com\/de\/wp-json\/wp\/v2\/comments?post=18302"}],"wp:attachment":[{"href":"https:\/\/www.power2max.com\/de\/wp-json\/wp\/v2\/media?parent=18302"}],"wp:term":[{"taxonomy":"product_brand","embeddable":true,"href":"https:\/\/www.power2max.com\/de\/wp-json\/wp\/v2\/product_brand?post=18302"},{"taxonomy":"product_cat","embeddable":true,"href":"https:\/\/www.power2max.com\/de\/wp-json\/wp\/v2\/product_cat?post=18302"},{"taxonomy":"product_tag","embeddable":true,"href":"https:\/\/www.power2max.com\/de\/wp-json\/wp\/v2\/product_tag?post=18302"},{"taxonomy":"model","embeddable":true,"href":"https:\/\/www.power2max.com\/de\/wp-json\/wp\/v2\/model?post=18302"}],"curies":[{"name":"wp","href":"https:\/\/api.w.org\/{rel}","templated":true}]}}