{"id":18299,"date":"2018-10-17T10:40:00","date_gmt":"2018-10-17T10:40:00","guid":{"rendered":"https:\/\/www.power2max.com\/product\/ngeco-rotor-aldhu-powermeter-set-road\/"},"modified":"2025-10-30T13:59:26","modified_gmt":"2025-10-30T13:59:26","slug":"ngeco-rotor-aldhu-powermeter-set-road","status":"publish","type":"product","link":"https:\/\/www.power2max.com\/de\/produkt\/ngeco-rotor-aldhu-powermeter-set-road\/","title":{"rendered":"NGeco Rotor ALDHU 30 Powermeter-Set Road"},"content":{"rendered":"<p>Das NGeco Rotor ALDHU 30 Powermeter-Set besteht aus dem NGeco Powermeter-Spider und der Rotor<strong> ALDHU 30 Kurbelgarnitur mit 30 mm Aluminiumachse<\/strong>. Bei den Powermeter-Versionen 110 4-S und 110 4-SL besteht die M\u00f6glichkeit, vorhandene Shimano-Rennradkettenbl\u00e4tter weiter zu verwenden, um den Schaltkomfort zu erhalten. Die Version 110 4-SL spart au\u00dferdem 30 g gegen\u00fcber der regul\u00e4ren Version 110 4-S ein. <strong>Der Rotor ALDHU30 ist in einer Vielzahl von L\u00e4ngen von 150 mm bis 175 mm erh\u00e4ltlich.<\/strong><\/p>\n<p><strong>Die Funktionen \u201eBalance\u201d und \u201ePedal Smoothness\u201d sind bereits aktiviert.<\/strong><\/p>\n","protected":false},"excerpt":{"rendered":"<p>Das NGeco Rotor ALDHU 30 Powermeter-Set besteht aus dem NGeco Powermeter-Spider und der Rotor ALDHU 30 Kurbelgarnitur mit 30 mm [&hellip;]<\/p>\n","protected":false},"featured_media":0,"comment_status":"open","ping_status":"closed","template":"","meta":[],"product_brand":[],"product_cat":[369,389],"product_tag":[],"model":[161],"class_list":{"0":"post-18299","1":"product","2":"type-product","3":"status-publish","5":"product_cat-12-de","6":"product_cat-power-meter-de","7":"model-rotor","9":"first","10":"instock","11":"taxable","12":"shipping-taxable","13":"purchasable","14":"product-type-simple"},"acf":[],"_links":{"self":[{"href":"https:\/\/www.power2max.com\/de\/wp-json\/wp\/v2\/product\/18299","targetHints":{"allow":["GET"]}}],"collection":[{"href":"https:\/\/www.power2max.com\/de\/wp-json\/wp\/v2\/product"}],"about":[{"href":"https:\/\/www.power2max.com\/de\/wp-json\/wp\/v2\/types\/product"}],"replies":[{"embeddable":true,"href":"https:\/\/www.power2max.com\/de\/wp-json\/wp\/v2\/comments?post=18299"}],"wp:attachment":[{"href":"https:\/\/www.power2max.com\/de\/wp-json\/wp\/v2\/media?parent=18299"}],"wp:term":[{"taxonomy":"product_brand","embeddable":true,"href":"https:\/\/www.power2max.com\/de\/wp-json\/wp\/v2\/product_brand?post=18299"},{"taxonomy":"product_cat","embeddable":true,"href":"https:\/\/www.power2max.com\/de\/wp-json\/wp\/v2\/product_cat?post=18299"},{"taxonomy":"product_tag","embeddable":true,"href":"https:\/\/www.power2max.com\/de\/wp-json\/wp\/v2\/product_tag?post=18299"},{"taxonomy":"model","embeddable":true,"href":"https:\/\/www.power2max.com\/de\/wp-json\/wp\/v2\/model?post=18299"}],"curies":[{"name":"wp","href":"https:\/\/api.w.org\/{rel}","templated":true}]}}