{"id":18298,"date":"2018-10-17T10:40:01","date_gmt":"2018-10-17T10:40:01","guid":{"rendered":"https:\/\/www.power2max.com\/product\/ngeco-rotor-aldhu-powermeter-road\/"},"modified":"2025-10-30T13:53:01","modified_gmt":"2025-10-30T13:53:01","slug":"ngeco-rotor-aldhu-powermeter-road","status":"publish","type":"product","link":"https:\/\/www.power2max.com\/de\/produkt\/ngeco-rotor-aldhu-powermeter-road\/","title":{"rendered":"NGeco Rotor ALDHU Powermeter Road"},"content":{"rendered":"<p>Der NGeco Rotor ALDHU Powermeter Road ist der Powermeter f\u00fcr alle diejenigen, die bereits im Besitz einer <strong>Rotor ALDHU24, ALDHU30, ALDHU Carbon oder VEGAST-Kurbel<\/strong> sind. <strong>Dabei ist es egal, ob es sich um eine 30mm-oder eine 24mm-Achse handelt.<\/strong> Mit den 110 4-S und 110 4-SL Versionen des Powermeters besteht die M\u00f6glichkeit, vorhandene Shimano-Road-Kettenbl\u00e4tter oder andere 4-Lochkettenbl\u00e4tter mit Shimano-Lochkreis weiter zu nutzen, damit der Schaltkomfort erhalten bleibt. Die 110 4-SL Version spart au\u00dferdem 30g gegen\u00fcber der regul\u00e4ren 110 4-S Version.<\/p>\n<p><strong>Die beiden Feature Balance( Rechts\/Links Verteilung) sind bereits aktiviert.<\/strong><\/p>\n","protected":false},"excerpt":{"rendered":"<p>Der NGeco Rotor ALDHU Powermeter Road ist der Powermeter f\u00fcr alle diejenigen, die bereits im Besitz einer Rotor ALDHU24, ALDHU30, [&hellip;]<\/p>\n","protected":false},"featured_media":0,"comment_status":"open","ping_status":"closed","template":"","meta":[],"product_brand":[],"product_cat":[369,389],"product_tag":[],"model":[161],"class_list":{"0":"post-18298","1":"product","2":"type-product","3":"status-publish","5":"product_cat-12-de","6":"product_cat-power-meter-de","7":"model-rotor","9":"first","10":"instock","11":"taxable","12":"shipping-taxable","13":"purchasable","14":"product-type-simple"},"acf":[],"_links":{"self":[{"href":"https:\/\/www.power2max.com\/de\/wp-json\/wp\/v2\/product\/18298","targetHints":{"allow":["GET"]}}],"collection":[{"href":"https:\/\/www.power2max.com\/de\/wp-json\/wp\/v2\/product"}],"about":[{"href":"https:\/\/www.power2max.com\/de\/wp-json\/wp\/v2\/types\/product"}],"replies":[{"embeddable":true,"href":"https:\/\/www.power2max.com\/de\/wp-json\/wp\/v2\/comments?post=18298"}],"wp:attachment":[{"href":"https:\/\/www.power2max.com\/de\/wp-json\/wp\/v2\/media?parent=18298"}],"wp:term":[{"taxonomy":"product_brand","embeddable":true,"href":"https:\/\/www.power2max.com\/de\/wp-json\/wp\/v2\/product_brand?post=18298"},{"taxonomy":"product_cat","embeddable":true,"href":"https:\/\/www.power2max.com\/de\/wp-json\/wp\/v2\/product_cat?post=18298"},{"taxonomy":"product_tag","embeddable":true,"href":"https:\/\/www.power2max.com\/de\/wp-json\/wp\/v2\/product_tag?post=18298"},{"taxonomy":"model","embeddable":true,"href":"https:\/\/www.power2max.com\/de\/wp-json\/wp\/v2\/model?post=18298"}],"curies":[{"name":"wp","href":"https:\/\/api.w.org\/{rel}","templated":true}]}}