{"id":18297,"date":"2018-10-17T10:40:17","date_gmt":"2018-10-17T10:40:17","guid":{"rendered":"https:\/\/www.power2max.com\/product\/ng-rotor-aldhu-powermeter-road\/"},"modified":"2025-10-24T23:30:42","modified_gmt":"2025-10-24T23:30:42","slug":"ng-rotor-aldhu-powermeter-road","status":"publish","type":"product","link":"https:\/\/www.power2max.com\/de\/produkt\/ng-rotor-aldhu-powermeter-road\/","title":{"rendered":"NG Rotor ALDHU Powermeter Road"},"content":{"rendered":"<p>Der NG Rotor ALDHU Powermeter Road ist der Powermeter f\u00fcr alle diejenigen, die bereits im Besitz einer Rotor ALDHU, ALDHU carbon oder VEGAST-Kurbel sind. Dabei ist es egal, ob es sich um eine 30mm-oder eine 24mm-Achse handelt. Mit der 110 4-S und der 110 4-SL Version des Powermeters besteht au\u00dferdem die M\u00f6glichkeit, dass vorhandene 11-fach oder 12-fach Shimano-Road-Kettenbl\u00e4tter weiter genutzt werden k\u00f6nnen und damit der Schaltkomfort erhalten bleibt. Die 110 4-SL Version hat einen Gewichtsvorteil von 30g gegen\u00fcber der 110 4-S Version gegen einen Aufpreis von 100\u20ac.<\/p>\n<p><b>Lieferumfang:<\/b> Leistungsmesser, Silikonabdeckung, Ladekabel, 2D-Farbring, Quickstart-Guide<\/p>\n","protected":false},"excerpt":{"rendered":"<p>Der NG Rotor ALDHU Powermeter Road ist der Powermeter f\u00fcr alle diejenigen, die bereits im Besitz einer Rotor ALDHU, ALDHU [&hellip;]<\/p>\n","protected":false},"featured_media":0,"comment_status":"open","ping_status":"closed","template":"","meta":[],"product_brand":[],"product_cat":[368,389],"product_tag":[],"model":[161],"class_list":{"0":"post-18297","1":"product","2":"type-product","3":"status-publish","5":"product_cat-11-de","6":"product_cat-power-meter-de","7":"model-rotor","9":"first","10":"instock","11":"taxable","12":"shipping-taxable","13":"purchasable","14":"product-type-simple"},"acf":[],"_links":{"self":[{"href":"https:\/\/www.power2max.com\/de\/wp-json\/wp\/v2\/product\/18297","targetHints":{"allow":["GET"]}}],"collection":[{"href":"https:\/\/www.power2max.com\/de\/wp-json\/wp\/v2\/product"}],"about":[{"href":"https:\/\/www.power2max.com\/de\/wp-json\/wp\/v2\/types\/product"}],"replies":[{"embeddable":true,"href":"https:\/\/www.power2max.com\/de\/wp-json\/wp\/v2\/comments?post=18297"}],"wp:attachment":[{"href":"https:\/\/www.power2max.com\/de\/wp-json\/wp\/v2\/media?parent=18297"}],"wp:term":[{"taxonomy":"product_brand","embeddable":true,"href":"https:\/\/www.power2max.com\/de\/wp-json\/wp\/v2\/product_brand?post=18297"},{"taxonomy":"product_cat","embeddable":true,"href":"https:\/\/www.power2max.com\/de\/wp-json\/wp\/v2\/product_cat?post=18297"},{"taxonomy":"product_tag","embeddable":true,"href":"https:\/\/www.power2max.com\/de\/wp-json\/wp\/v2\/product_tag?post=18297"},{"taxonomy":"model","embeddable":true,"href":"https:\/\/www.power2max.com\/de\/wp-json\/wp\/v2\/model?post=18297"}],"curies":[{"name":"wp","href":"https:\/\/api.w.org\/{rel}","templated":true}]}}