{"id":18296,"date":"2018-10-17T10:40:17","date_gmt":"2018-10-17T10:40:17","guid":{"rendered":"https:\/\/www.power2max.com\/product\/ng-rotor-aldhu-powermeter-set-road\/"},"modified":"2026-04-23T11:25:53","modified_gmt":"2026-04-23T11:25:53","slug":"ng-rotor-aldhu-powermeter-set-road","status":"publish","type":"product","link":"https:\/\/www.power2max.com\/de\/produkt\/ng-rotor-aldhu-powermeter-set-road\/","title":{"rendered":"NG Rotor ALDHU 30 Powermeter-Set Road"},"content":{"rendered":"<p>Das NG Rotor ALDHU 30 Powermeter-Set Road besteht aus dem NG Powermeter-Spider und dem Rotor ALDHU Kurbelsatz mit 30mm Aluminium-Achse. Mit der 110 4-S und der 110 4-SL Version des Powermeters besteht au\u00dferdem die M\u00f6glichkeit, dass vorhandene 11-fach oder 12-fach Shimano-Road-Kettenbl\u00e4tter weiter genutzt werden k\u00f6nnen und damit der Schaltkomfort erhalten bleibt. Die 110 4-SL Version hat einen Gewichtsvorteil von 30g gegen\u00fcber der 110 4-S Version gegen einen Aufpreis von 100\u20ac.<\/p>\n<p><b>Lieferumfang:<\/b> Leistungsmesser, Silikonabdeckung, Ladekabel, 2D-Farbring, Kurbelsatz mit Kurbelachse, Quickstart-Guide<\/p>\n","protected":false},"excerpt":{"rendered":"<p>Das NG Rotor ALDHU 30 Powermeter-Set Road besteht aus dem NG Powermeter-Spider und dem Rotor ALDHU Kurbelsatz mit 30mm Aluminium-Achse. [&hellip;]<\/p>\n","protected":false},"featured_media":0,"comment_status":"open","ping_status":"closed","template":"","meta":[],"product_brand":[],"product_cat":[368,389],"product_tag":[],"model":[],"class_list":{"0":"post-18296","1":"product","2":"type-product","3":"status-publish","5":"product_cat-11-de","6":"product_cat-power-meter-de","8":"first","9":"instock","10":"taxable","11":"shipping-taxable","12":"purchasable","13":"product-type-simple"},"acf":[],"_links":{"self":[{"href":"https:\/\/www.power2max.com\/de\/wp-json\/wp\/v2\/product\/18296","targetHints":{"allow":["GET"]}}],"collection":[{"href":"https:\/\/www.power2max.com\/de\/wp-json\/wp\/v2\/product"}],"about":[{"href":"https:\/\/www.power2max.com\/de\/wp-json\/wp\/v2\/types\/product"}],"replies":[{"embeddable":true,"href":"https:\/\/www.power2max.com\/de\/wp-json\/wp\/v2\/comments?post=18296"}],"wp:attachment":[{"href":"https:\/\/www.power2max.com\/de\/wp-json\/wp\/v2\/media?parent=18296"}],"wp:term":[{"taxonomy":"product_brand","embeddable":true,"href":"https:\/\/www.power2max.com\/de\/wp-json\/wp\/v2\/product_brand?post=18296"},{"taxonomy":"product_cat","embeddable":true,"href":"https:\/\/www.power2max.com\/de\/wp-json\/wp\/v2\/product_cat?post=18296"},{"taxonomy":"product_tag","embeddable":true,"href":"https:\/\/www.power2max.com\/de\/wp-json\/wp\/v2\/product_tag?post=18296"},{"taxonomy":"model","embeddable":true,"href":"https:\/\/www.power2max.com\/de\/wp-json\/wp\/v2\/model?post=18296"}],"curies":[{"name":"wp","href":"https:\/\/api.w.org\/{rel}","templated":true}]}}