{"id":17296,"date":"2018-09-13T07:59:18","date_gmt":"2018-09-13T07:59:18","guid":{"rendered":"https:\/\/www.power2max.com\/product\/powermeter-spider-ngeco-easton\/"},"modified":"2026-05-01T06:27:59","modified_gmt":"2026-05-01T06:27:59","slug":"powermeter-spider-ngeco-easton","status":"publish","type":"product","link":"https:\/\/www.power2max.com\/de\/produkt\/powermeter-spider-ngeco-easton\/","title":{"rendered":"Powermeter Spider NGeco Easton"},"content":{"rendered":"<p>Der BCD (Lochkreisdurchmesser) bestimmt die Art und die Gr\u00f6\u00dfe der Kettenbl\u00e4tter: 110 = 5-Loch f\u00fcr (50\/34) und (52\/36). BCD 130 = 5-Loch (53\/39 oder gr\u00f6\u00dfer); BCD 110 4-S und 110 4-SL = f\u00fcr Shimano 4-Loch Kettenbl\u00e4tter.<\/p>\n","protected":false},"excerpt":{"rendered":"<p>Der BCD (Lochkreisdurchmesser) bestimmt die Art und die Gr\u00f6\u00dfe der Kettenbl\u00e4tter: 110 = 5-Loch f\u00fcr (50\/34) und (52\/36). BCD 130 [&hellip;]<\/p>\n","protected":false},"featured_media":0,"comment_status":"open","ping_status":"closed","template":"","meta":[],"product_brand":[],"product_cat":[369],"product_tag":[],"model":[],"class_list":{"0":"post-17296","1":"product","2":"type-product","3":"status-publish","5":"product_cat-12-de","7":"first","8":"instock","9":"taxable","10":"shipping-taxable","11":"purchasable","12":"product-type-variable"},"acf":[],"_links":{"self":[{"href":"https:\/\/www.power2max.com\/de\/wp-json\/wp\/v2\/product\/17296","targetHints":{"allow":["GET"]}}],"collection":[{"href":"https:\/\/www.power2max.com\/de\/wp-json\/wp\/v2\/product"}],"about":[{"href":"https:\/\/www.power2max.com\/de\/wp-json\/wp\/v2\/types\/product"}],"replies":[{"embeddable":true,"href":"https:\/\/www.power2max.com\/de\/wp-json\/wp\/v2\/comments?post=17296"}],"wp:attachment":[{"href":"https:\/\/www.power2max.com\/de\/wp-json\/wp\/v2\/media?parent=17296"}],"wp:term":[{"taxonomy":"product_brand","embeddable":true,"href":"https:\/\/www.power2max.com\/de\/wp-json\/wp\/v2\/product_brand?post=17296"},{"taxonomy":"product_cat","embeddable":true,"href":"https:\/\/www.power2max.com\/de\/wp-json\/wp\/v2\/product_cat?post=17296"},{"taxonomy":"product_tag","embeddable":true,"href":"https:\/\/www.power2max.com\/de\/wp-json\/wp\/v2\/product_tag?post=17296"},{"taxonomy":"model","embeddable":true,"href":"https:\/\/www.power2max.com\/de\/wp-json\/wp\/v2\/model?post=17296"}],"curies":[{"name":"wp","href":"https:\/\/api.w.org\/{rel}","templated":true}]}}