{"id":12914,"date":"2018-05-02T11:20:04","date_gmt":"2018-05-02T11:20:04","guid":{"rendered":"https:\/\/www.power2max.com\/product\/ngeco-road-easton-powermeter\/"},"modified":"2026-04-23T11:26:03","modified_gmt":"2026-04-23T11:26:03","slug":"ngeco-road-easton-powermeter","status":"publish","type":"product","link":"https:\/\/www.power2max.com\/de\/produkt\/ngeco-road-easton-powermeter\/","title":{"rendered":"NGeco Road Easton Powermeter"},"content":{"rendered":"<p>Der NGEco Easton Powermeter-Spider ist der Powermeter f\u00fcr alle diejenigen, die bereits im Besitz einer Easton EC90 oder EA 90-Kurbel sind oder eine ELILEE XXE Kurbel oder eine Cybrei Kurbel fahren auch hier passt der p2m NGEco<br \/>\nDer Powermeter kann einfach an deine vorhandene und kompatible Easton-Kurbel montiert werden. Alles was du au\u00dferdem noch ben\u00f6tigst sind passende Kettenblattschrauben und die entsprechenden Kettenbl\u00e4tter.<\/p>\n<p>Mit ca. 125g f\u00fcr den Powermeter ist die 110 4-SL Variante in Kombination mit einer Easton EC90-Kurbel aktuell unsere leichteste Powermeter-Kurbel-Kombination und ca. 30g leichter als die &#8222;klassische&#8220; 110 4-S Variante. <\/p>\n<p><b>Lieferumfang:<\/b> Leistungsmesser, Batterie, Batteriekappe, 2D-Farbring, Quickstart-Guide<\/p>\n","protected":false},"excerpt":{"rendered":"<p>Der NGEco Easton Powermeter-Spider ist der Powermeter f\u00fcr alle diejenigen, die bereits im Besitz einer Easton EC90 oder EA 90-Kurbel [&hellip;]<\/p>\n","protected":false},"featured_media":0,"comment_status":"open","ping_status":"closed","template":"","meta":[],"product_brand":[],"product_cat":[369,389],"product_tag":[],"model":[],"class_list":{"0":"post-12914","1":"product","2":"type-product","3":"status-publish","5":"product_cat-12-de","6":"product_cat-power-meter-de","8":"first","9":"instock","10":"taxable","11":"shipping-taxable","12":"purchasable","13":"product-type-simple"},"acf":[],"_links":{"self":[{"href":"https:\/\/www.power2max.com\/de\/wp-json\/wp\/v2\/product\/12914","targetHints":{"allow":["GET"]}}],"collection":[{"href":"https:\/\/www.power2max.com\/de\/wp-json\/wp\/v2\/product"}],"about":[{"href":"https:\/\/www.power2max.com\/de\/wp-json\/wp\/v2\/types\/product"}],"replies":[{"embeddable":true,"href":"https:\/\/www.power2max.com\/de\/wp-json\/wp\/v2\/comments?post=12914"}],"wp:attachment":[{"href":"https:\/\/www.power2max.com\/de\/wp-json\/wp\/v2\/media?parent=12914"}],"wp:term":[{"taxonomy":"product_brand","embeddable":true,"href":"https:\/\/www.power2max.com\/de\/wp-json\/wp\/v2\/product_brand?post=12914"},{"taxonomy":"product_cat","embeddable":true,"href":"https:\/\/www.power2max.com\/de\/wp-json\/wp\/v2\/product_cat?post=12914"},{"taxonomy":"product_tag","embeddable":true,"href":"https:\/\/www.power2max.com\/de\/wp-json\/wp\/v2\/product_tag?post=12914"},{"taxonomy":"model","embeddable":true,"href":"https:\/\/www.power2max.com\/de\/wp-json\/wp\/v2\/model?post=12914"}],"curies":[{"name":"wp","href":"https:\/\/api.w.org\/{rel}","templated":true}]}}