{"id":11947,"date":"2018-04-03T12:35:02","date_gmt":"2018-04-03T12:35:02","guid":{"rendered":"https:\/\/www.power2max.com\/product\/ngeco-road-praxis-powermeter\/"},"modified":"2026-04-23T11:26:16","modified_gmt":"2026-04-23T11:26:16","slug":"ngeco-road-praxis-powermeter","status":"publish","type":"product","link":"https:\/\/www.power2max.com\/de\/produkt\/ngeco-road-praxis-powermeter\/","title":{"rendered":"NGeco Road PraxisWorks Powermeter"},"content":{"rendered":"<p>Der NGeco Road PraxisWorks Powermeter ist f\u00fcr alle diejenigen, die bereits im Besitz einer PraxisWorks-Kurbel, mit einer Befestigung des Kurbelsterns durch 3 Schrauben sind. (bspw. alle neuen modularen Zayante M30 DM, Alba M30 DM und Zayante Carbon M30 DM-Kurbelgarnituren.) Achtung: Der Powermeter ist nicht f\u00fcr die Gravel\u00fcbersetzung 48\/32 geeignet.<\/p>\n<p>Der NGeco Powermeter misst die Gesamtleistung beider Beine und \u00fcbertr\u00e4gt au\u00dferdem die Trittfrequenz an deinen Radcomputer ohne dass ein externer Trittfrequenzsensor ben\u00f6tigt wird.<\/p>\n<p><b>Lieferumfang:<\/b> Leistungsmesser, Batterie, Batteriekappe, 2D-Farbring, Quickstart-Guide<\/p>\n","protected":false},"excerpt":{"rendered":"<p>Der NGeco Road PraxisWorks Powermeter ist f\u00fcr alle diejenigen, die bereits im Besitz einer PraxisWorks-Kurbel, mit einer Befestigung des Kurbelsterns [&hellip;]<\/p>\n","protected":false},"featured_media":0,"comment_status":"open","ping_status":"closed","template":"","meta":[],"product_brand":[],"product_cat":[369,389],"product_tag":[],"model":[],"class_list":{"0":"post-11947","1":"product","2":"type-product","3":"status-publish","5":"product_cat-12-de","6":"product_cat-power-meter-de","8":"first","9":"instock","10":"taxable","11":"shipping-taxable","12":"purchasable","13":"product-type-simple"},"acf":[],"_links":{"self":[{"href":"https:\/\/www.power2max.com\/de\/wp-json\/wp\/v2\/product\/11947","targetHints":{"allow":["GET"]}}],"collection":[{"href":"https:\/\/www.power2max.com\/de\/wp-json\/wp\/v2\/product"}],"about":[{"href":"https:\/\/www.power2max.com\/de\/wp-json\/wp\/v2\/types\/product"}],"replies":[{"embeddable":true,"href":"https:\/\/www.power2max.com\/de\/wp-json\/wp\/v2\/comments?post=11947"}],"wp:attachment":[{"href":"https:\/\/www.power2max.com\/de\/wp-json\/wp\/v2\/media?parent=11947"}],"wp:term":[{"taxonomy":"product_brand","embeddable":true,"href":"https:\/\/www.power2max.com\/de\/wp-json\/wp\/v2\/product_brand?post=11947"},{"taxonomy":"product_cat","embeddable":true,"href":"https:\/\/www.power2max.com\/de\/wp-json\/wp\/v2\/product_cat?post=11947"},{"taxonomy":"product_tag","embeddable":true,"href":"https:\/\/www.power2max.com\/de\/wp-json\/wp\/v2\/product_tag?post=11947"},{"taxonomy":"model","embeddable":true,"href":"https:\/\/www.power2max.com\/de\/wp-json\/wp\/v2\/model?post=11947"}],"curies":[{"name":"wp","href":"https:\/\/api.w.org\/{rel}","templated":true}]}}