{"id":10850,"date":"2018-03-07T08:52:13","date_gmt":"2018-03-07T08:54:04","guid":{"rendered":"https:\/\/www.power2max.com\/product\/ng-rotor-3d-powermeter\/"},"modified":"2026-04-29T21:13:11","modified_gmt":"2026-04-29T21:13:11","slug":"ng-rotor-3d-powermeter","status":"publish","type":"product","link":"https:\/\/www.power2max.com\/de\/produkt\/ng-rotor-3d-powermeter\/","title":{"rendered":"NG Rotor 3D+ Powermeter"},"content":{"rendered":"<p>BCD (Lochkreisdurchmesser) bestimmt die Art und die Gr\u00f6\u00dfe der Kettenbl\u00e4tter: 110 = 5-Loch f\u00fcr (50\/34) und (52\/36). BCD 130 = 5-Loch (53\/39 oder gr\u00f6\u00dfer); BCD 110-4S = f\u00fcr Shimano 4-Loch Kettenbl\u00e4tter.<\/p>\n","protected":false},"excerpt":{"rendered":"<p>BCD (Lochkreisdurchmesser) bestimmt die Art und die Gr\u00f6\u00dfe der Kettenbl\u00e4tter: 110 = 5-Loch f\u00fcr (50\/34) und (52\/36). BCD 130 = [&hellip;]<\/p>\n","protected":false},"featured_media":0,"comment_status":"open","ping_status":"closed","template":"","meta":[],"product_brand":[],"product_cat":[368],"product_tag":[],"model":[],"class_list":{"0":"post-10850","1":"product","2":"type-product","3":"status-publish","5":"product_cat-11-de","7":"first","8":"instock","9":"taxable","10":"shipping-taxable","11":"purchasable","12":"product-type-variable"},"acf":[],"_links":{"self":[{"href":"https:\/\/www.power2max.com\/de\/wp-json\/wp\/v2\/product\/10850","targetHints":{"allow":["GET"]}}],"collection":[{"href":"https:\/\/www.power2max.com\/de\/wp-json\/wp\/v2\/product"}],"about":[{"href":"https:\/\/www.power2max.com\/de\/wp-json\/wp\/v2\/types\/product"}],"replies":[{"embeddable":true,"href":"https:\/\/www.power2max.com\/de\/wp-json\/wp\/v2\/comments?post=10850"}],"wp:attachment":[{"href":"https:\/\/www.power2max.com\/de\/wp-json\/wp\/v2\/media?parent=10850"}],"wp:term":[{"taxonomy":"product_brand","embeddable":true,"href":"https:\/\/www.power2max.com\/de\/wp-json\/wp\/v2\/product_brand?post=10850"},{"taxonomy":"product_cat","embeddable":true,"href":"https:\/\/www.power2max.com\/de\/wp-json\/wp\/v2\/product_cat?post=10850"},{"taxonomy":"product_tag","embeddable":true,"href":"https:\/\/www.power2max.com\/de\/wp-json\/wp\/v2\/product_tag?post=10850"},{"taxonomy":"model","embeddable":true,"href":"https:\/\/www.power2max.com\/de\/wp-json\/wp\/v2\/model?post=10850"}],"curies":[{"name":"wp","href":"https:\/\/api.w.org\/{rel}","templated":true}]}}