{"id":10096,"date":"2018-02-21T13:43:25","date_gmt":"2018-02-26T15:02:54","guid":{"rendered":"https:\/\/www.power2max.com\/product\/rotor-innenlager-sabb-keramik-fur-bsa-kerami\/"},"modified":"2026-04-17T06:39:07","modified_gmt":"2026-04-17T06:39:07","slug":"rotor-innenlager-sabb-keramik-fur-bsa-kerami","status":"publish","type":"product","link":"https:\/\/www.power2max.com\/de\/produkt\/rotor-innenlager-sabb-keramik-fur-bsa-kerami\/","title":{"rendered":"Rotor Innenlager SABB Keramik f\u00fcr BSA"},"content":{"rendered":"<p>Lagerkit passend f\u00fcr Rotor 3D und FSA Gossamer.<br \/>\nPassend f\u00fcr Rahmen mit BSA Gewinde<br \/>\nStrassen und MTB Version verf\u00fcgbar.<\/p>\n","protected":false},"excerpt":{"rendered":"<p>Lagerkit passend f\u00fcr Rotor 3D und FSA Gossamer. Passend f\u00fcr Rahmen mit BSA Gewinde Strassen und MTB Version verf\u00fcgbar.<\/p>\n","protected":false},"featured_media":0,"comment_status":"open","ping_status":"closed","template":"","meta":[],"product_brand":[],"product_cat":[382,361],"product_tag":[],"model":[],"class_list":{"0":"post-10096","1":"product","2":"type-product","3":"status-publish","5":"product_cat-44-de","6":"product_cat-4-de","8":"first","9":"instock","10":"taxable","11":"shipping-taxable","12":"purchasable","13":"product-type-simple"},"acf":[],"_links":{"self":[{"href":"https:\/\/www.power2max.com\/de\/wp-json\/wp\/v2\/product\/10096","targetHints":{"allow":["GET"]}}],"collection":[{"href":"https:\/\/www.power2max.com\/de\/wp-json\/wp\/v2\/product"}],"about":[{"href":"https:\/\/www.power2max.com\/de\/wp-json\/wp\/v2\/types\/product"}],"replies":[{"embeddable":true,"href":"https:\/\/www.power2max.com\/de\/wp-json\/wp\/v2\/comments?post=10096"}],"wp:attachment":[{"href":"https:\/\/www.power2max.com\/de\/wp-json\/wp\/v2\/media?parent=10096"}],"wp:term":[{"taxonomy":"product_brand","embeddable":true,"href":"https:\/\/www.power2max.com\/de\/wp-json\/wp\/v2\/product_brand?post=10096"},{"taxonomy":"product_cat","embeddable":true,"href":"https:\/\/www.power2max.com\/de\/wp-json\/wp\/v2\/product_cat?post=10096"},{"taxonomy":"product_tag","embeddable":true,"href":"https:\/\/www.power2max.com\/de\/wp-json\/wp\/v2\/product_tag?post=10096"},{"taxonomy":"model","embeddable":true,"href":"https:\/\/www.power2max.com\/de\/wp-json\/wp\/v2\/model?post=10096"}],"curies":[{"name":"wp","href":"https:\/\/api.w.org\/{rel}","templated":true}]}}