{"id":9783,"date":"2018-02-21T11:26:16","date_gmt":"2018-02-21T11:26:16","guid":{"rendered":"https:\/\/www.power2max.com\/exclusion-premature-termination-right-revocation\/"},"modified":"2018-02-21T11:27:46","modified_gmt":"2018-02-21T11:27:46","slug":"exclusion-premature-termination-right-revocation","status":"publish","type":"page","link":"https:\/\/www.power2max.com\/de\/exclusion-premature-termination-right-revocation\/","title":{"rendered":"Widerrufsrecht beim Kauf von digitalen Inhalten"},"content":{"rendered":"<p><strong>Ausschluss des Widerrufsrecht beim Kauf von digitalen Inhalten auf nicht k\u00f6rperlichen Datentr\u00e4gern<\/strong><\/p>\n<p>Ich stimme der Ausf\u00fchrung des Vertrages, der Lieferung von digitalen Inhalten auf nicht k\u00f6rperlichen Datentr\u00e4gern, vor Ablauf der Widerrufsfrist von 14 Tagen ausdr\u00fccklich zu. Ich habe zur Kenntnis genommen, dass das Widerrufsrecht mit Beginn der Ausf\u00fchrung des Vertrages durch power2max \/ Saxonar erlischt, nachdem ich hiermit mein ausdr\u00fcckliches Einverst\u00e4ndnis vor dem Kauf der digitalen Inhalten auf www.power2max.de ausgedr\u00fcckt habe.<\/p>\n<p>&nbsp;<\/p>\n","protected":false},"excerpt":{"rendered":"<p>Ausschluss des Widerrufsrecht beim Kauf von digitalen Inhalten auf nicht k\u00f6rperlichen Datentr\u00e4gern Ich stimme der Ausf\u00fchrung des Vertrages, der Lieferung [&hellip;]<\/p>\n","protected":false},"author":6,"featured_media":0,"parent":0,"menu_order":0,"comment_status":"closed","ping_status":"closed","template":"","meta":{"footnotes":""},"product_cat":[],"class_list":["post-9783","page","type-page","status-publish","hentry"],"acf":[],"_links":{"self":[{"href":"https:\/\/www.power2max.com\/de\/wp-json\/wp\/v2\/pages\/9783","targetHints":{"allow":["GET"]}}],"collection":[{"href":"https:\/\/www.power2max.com\/de\/wp-json\/wp\/v2\/pages"}],"about":[{"href":"https:\/\/www.power2max.com\/de\/wp-json\/wp\/v2\/types\/page"}],"author":[{"embeddable":true,"href":"https:\/\/www.power2max.com\/de\/wp-json\/wp\/v2\/users\/6"}],"replies":[{"embeddable":true,"href":"https:\/\/www.power2max.com\/de\/wp-json\/wp\/v2\/comments?post=9783"}],"version-history":[{"count":2,"href":"https:\/\/www.power2max.com\/de\/wp-json\/wp\/v2\/pages\/9783\/revisions"}],"predecessor-version":[{"id":9790,"href":"https:\/\/www.power2max.com\/de\/wp-json\/wp\/v2\/pages\/9783\/revisions\/9790"}],"wp:attachment":[{"href":"https:\/\/www.power2max.com\/de\/wp-json\/wp\/v2\/media?parent=9783"}],"wp:term":[{"taxonomy":"product_cat","embeddable":true,"href":"https:\/\/www.power2max.com\/de\/wp-json\/wp\/v2\/product_cat?post=9783"}],"curies":[{"name":"wp","href":"https:\/\/api.w.org\/{rel}","templated":true}]}}