{"id":7393,"date":"2017-07-19T13:59:17","date_gmt":"2017-07-19T13:59:17","guid":{"rendered":"https:\/\/www.power2max.com\/terms-and-conditions\/"},"modified":"2024-06-04T08:11:20","modified_gmt":"2024-06-04T08:11:20","slug":"allgemeine-geschaeftsbedingungen","status":"publish","type":"page","link":"https:\/\/www.power2max.com\/de\/allgemeine-geschaeftsbedingungen\/","title":{"rendered":"Allgemeine Gesch\u00e4ftsbedingungen"},"content":{"rendered":"<h4>Allgemeine Gesch\u00e4ftsbedingungen<\/h4>\n<p><strong>1 Allgemeines<\/strong><\/p>\n<ol>\n<li>Die nachfolgenden Liefer- und Gesch\u00e4ftsbedingungen gelten f\u00fcr alle Angebote, Kaufvertr\u00e4ge, Lieferungen und Dienstleistungen, die aufgrund von Bestellungen im power2max Onlineshop auf www.power2max.com zustande gekommen sind.<\/li>\n<li>Das Produktangebot auf www.power2max.com richtet sich an Verbraucher und die Gesch\u00e4ftskunden der Saxonar GmbH, nachfolgend auch \u201eunser(e) Kunde(n)\u201c oder die Kunden, oder auch \u201eKunde\u201c genannt.<br \/>\nUnser Kunde erkennt diese Liefer-und Gesch\u00e4ftsbedingungen an und ist mit ihrer ausschlie\u00dflichen Geltung f\u00fcr das abgeschlossene Gesch\u00e4ft mit uns, der Saxonar GmbH, nachfolgend auch \u201eSaxonar\u201c genannt oder als \u201ewir\u201c oder \u201euns\u201c bezeichnet, einverstanden. Ma\u00dfgeblich ist jeweils die zum Zeitpunkt des Vertragsabschlusses g\u00fcltige Fassung.<\/li>\n<li>Anderslautende Bedingungen gelten als unwirksam, auch wenn wir ihnen nicht ausdr\u00fccklich widersprechen. Abweichungen gelten nur, soweit diese ausdr\u00fccklich vereinbart sind. Wir behalten uns das Recht vor, unsere Liefer- und Gesch\u00e4ftsbedingungen jederzeit zu \u00e4ndern.<\/li>\n<li>Wir bieten die \u00dcbersetzung unseres Internetauftritts in Englisch, Spanisch, Franz\u00f6sisch und Italienisch nur zum besseren Verst\u00e4ndnis f\u00fcr unsere Kunden an.<\/li>\n<\/ol>\n<p>&nbsp;<\/p>\n<p><strong>2 Vertragsabschluss<\/strong><\/p>\n<ol>\n<li>Unsere im Onlineshop auf www.power2max.com eingestellten Produkte stellen kein Angebot dar. Vielmehr ist damit nur die Einladung an den Kunden verbunden, uns durch Bestellung ein Kaufangebot zu unterbreiten.<\/li>\n<li>Mit der Aufgabe einer Bestellung im power2max Onlineshop und der damit erforderlichen Zustimmung zu diesen Allgemeinen Gesch\u00e4ftsbedingungen sowie den Datenschutzrichtlinien unterbreitet der Kunde Saxonar ein verbindliches Angebot zum Kauf des \/ der ausgew\u00e4hlten Produkte (s).<\/li>\n<li>Der Erhalt des Angebots wird dem Kunden unverz\u00fcglich nach Angebotseingang per Email (Bestellbest\u00e4tigung) best\u00e4tigt. Die Bestellbest\u00e4tigung stellt keine Annahme des Angebots dar.<\/li>\n<li>Die Annahme des Angebots durch uns wird dem Kunden per Email durch die Zusendung der Auftragsbest\u00e4tigung mitgeteilt. Die Annahme des Angebots durch Auftragsbest\u00e4tigung k\u00f6nnen wir innerhalb von 2 Wochen ab Eingang der Bestellung erkl\u00e4ren.<\/li>\n<li>Der Verbraucher mit Wohnsitz und Meldeadresse in der Europ\u00e4ischen Union kann den Vertrag widerrufen und bereits ausgelieferte Ware zur\u00fccksenden. Wir informieren den Kunden \u00fcber seine Rechte und Pflichten in der <a href=\"\/de\/widerrufsbelehrung\/\">Widerrufsbelehrung<\/a>. Das Widerrufsrecht gilt nicht f\u00fcr Verbraucher, die zum Zeitpunkt des Vertragsschlusses keinem Mitgliedstaat der Europ\u00e4ischen Union angeh\u00f6ren und deren alleiniger Wohnsitz und Lieferadresse zum Zeitpunkt des Vertragsschlusses au\u00dferhalb der Europ\u00e4ischen Union liegen.<\/li>\n<\/ol>\n<p>&nbsp;<\/p>\n<p><strong>3 Vertragstexte\/Kundendaten<\/strong><\/p>\n<p>Der Vertragstext wird gespeichert. Der Kunde kann unsere allgemeinen Liefer- und Gesch\u00e4ftsbedingungen jederzeit auf der Seite des <a href=\"\/de\/\">Onlineshops<\/a> einsehen.<\/p>\n<p>&nbsp;<\/p>\n<p><strong>4 Preise und Zahlungsweise<\/strong><\/p>\n<ol>\n<li>Unsere Angebote sind unverbindlich und freibleibend. Artikel\u00e4nderungen, Preisanpassungen im Zuge von Marktver\u00e4nderungen sowie technische Verbesserungen behalten wir uns ausdr\u00fccklich vor.<\/li>\n<li>Die Preise auf www.power2max.com schlie\u00dfen die gesetzliche Mehrwertsteuer f\u00fcr K\u00e4ufe innerhalb der Europ\u00e4ischen Union ein. Versandkosten sind in diesen Preisen nicht eingeschlossen. Sie werden gesondert f\u00fcr jede Bestellung ausgewiesen.<\/li>\n<li>Preise in Nicht-EU-L\u00e4ndern schlie\u00dfen die gesetzliche Umsatzsteuer nicht mit ein. Bankgeb\u00fchren, Z\u00f6lle und \u00e4hnliche Abgaben, die bei Lieferungen in Nicht-EU L\u00e4nder anfallen, sind vom K\u00e4ufer zu tragen. Bei Lieferungen mit einem Warenwert von ab 1000 Euro fallen 30 \u20ac Zollgeb\u00fchren f\u00fcr die Ausfuhr aus Deutschland an. Wir weisen ausdr\u00fccklich daraufhin, dass bei Lieferungen in Nicht-EU L\u00e4nder im Bestimmungsland weitere Zoll- und Einfuhrgeb\u00fchren anfallen k\u00f6nnen. Diese Kosten sind vom Kunden \/ Empf\u00e4nger zu tragen. Die Saxonar GmbH hat keinerlei Einfluss auf die m\u00f6glicherweise anfallenden Geb\u00fchren.<\/li>\n<li>Ma\u00dfgeblich f\u00fcr das abgeschlossene Gesch\u00e4ft ist der zum Zeitpunkt des Gesch\u00e4ftsabschlusses in unserer Angebotsliste bzw. in unserer Auftragsbest\u00e4tigung ausgewiesene Preis.<\/li>\n<li>Soweit nicht ausdr\u00fccklich anders vereinbart, erfolgt die Bezahlung der Waren durch den Kunden per Vorkasse mittels Bank\u00fcberweisung oder durch ein anderes, in unserem Bestellvorgang zur Verf\u00fcgung stehendes Zahlungsmittel. Erst nach erfolgter Gutschrift der Zahlung auf unserem Bankkonto wird die Ware zum Versand gebracht. Sollte die Zahlung nicht innerhalb von 10 Tagen unserem Bankkonto gutgeschrieben sein, so erh\u00e4lt der Kunde von uns eine Aufforderung zur Zahlung per Email. Das Ausbleiben der Zahlung kommt nicht einer Stornierung gleich.<\/li>\n<li>Die Zahlungsabwicklung erfolgt \u00fcber den Dienstleister Heidelpay.<\/li>\n<\/ol>\n<p>&nbsp;<\/p>\n<p><strong>5 Versand \/ Lieferung, Versicherung und Gefahren\u00fcbergang<\/strong><\/p>\n<ol>\n<li>Ist kein Versandtermin angegeben, wird die Ware innerhalb von 21 Tagen versendet. Die ma\u00dfgebliche Frist zur Bestimmung des Versandtermins beginnt am Tag des vollst\u00e4ndigen Zahlungserhalts des Kaufpreises (einschlie\u00dflich MwSt. und Versandkosten) durch Saxonar. Ggf. anfallende Bankgeb\u00fchren sind vollumf\u00e4nglich vom Kunden zu tragen.<\/li>\n<li>Die Bereitstellung der Ware zur Lieferung an Kunden, die Distributoren oder Vertriebspartner sind, erfolgt ab Werk. Die Produktions- \/ Lieferzeit wird gem\u00e4\u00df der geschlossenen Vertriebsvereinbarung realisiert.<\/li>\n<li>Falls die bestellte Ware nicht oder nicht rechtzeitig lieferbar ist, wird dieser Sachverhalt dem Kunden unverz\u00fcglich angezeigt. Saxonar wird in diesem Fall eine individuelle Vereinbarung mit dem Kunden bez\u00fcglich des Liefertermins treffen.<\/li>\n<li>Sollte Saxonar einen Liefertermin nicht einhalten k\u00f6nnen, so ist der Kunde berechtigt, eine angemessene Nachfrist, welche 5 Werktage nicht unterschreiten darf, zu setzen.<\/li>\n<li>Saxonar ist zu Teillieferungen von Bestellungen berechtigt, sofern die bestellten Produkte auch einzeln nutzbar sind. Gegen\u00fcber Verbrauchern tr\u00e4gt Saxonar die, durch die Teillieferung entstandenen, Mehrkosten des Versands.<\/li>\n<li>ei Ereignissen h\u00f6herer Gewalt sowie bei Umst\u00e4nden, die wir nicht zu vertreten haben, die uns die termingerechte Ausf\u00fchrung des Auftrags unm\u00f6glich machen, sind wir berechtigt, unter Ausschluss von Schadenersatzanspr\u00fcchen des Kunden vom Auftrag zur\u00fcckzutreten oder die F\u00e4lligkeit der Lieferung der Ware \u00fcber die Dauer der vorliegenden Verhinderung hinauszuschieben.<\/li>\n<li>power2max Leistungsmesser und Zubeh\u00f6rteile, wie Kurbelarme, werden in nicht montiertem Zustand ausgeliefert. Zur Nutzung der Ware muss der Kunde diese selber, mit Hilfe der mitgelieferten und auf www.power2max.com zur Verf\u00fcgung stehenden <a href=\"\/de\/downloads\/\">Informationen<\/a> an seinem Fahrrad montieren.<\/li>\n<li>Saxonar bestimmt die angemessene Versandart und w\u00e4hlt das Transportunternehmen aus, soweit mit dem Kunden nicht ausdr\u00fccklich eine andere Vereinbarung getroffen wird. Sofern der Kunde Verbraucher ist, tragen wir unabh\u00e4ngig von der Versandart in jedem Fall das Versandrisiko. Sofern der Kunde Unternehmer ist, gehen alle Risiken und Gefahren der Versendung auf den Kunden \u00fcber, sobald die Ware von uns an den beauftragten Logistikpartner \u00fcbergeben worden ist.<\/li>\n<li>Saxonar ist f\u00fcr die rechtzeitige und ordnungsgem\u00e4\u00dfe \u00dcbergabe der Ware an das Transportunternehmen verantwortlich, jedoch nicht f\u00fcr Lieferverz\u00f6gerungen, die durch das Transportunternehmen verursacht wurden. Eine auf www.power2max.com abgegebene Versanddauer ist daher unverbindlich.<\/li>\n<li>Die Versandkosten schlie\u00dfen f\u00fcr den Versand der Bestellungen eines Verbrauchers eine Transportversicherung ein und werden vom Verbraucher getragen. Die entsprechenden Versandkosten werden dem Kunden w\u00e4hrend des Bestellvorgangs im Onlineshop angezeigt und k\u00f6nnen <a href=\"\/de\/shipping-costs\/\">hier<\/a> zus\u00e4tzlich eingesehen werden.<\/li>\n<li>Im Fall eines Widerrufs hat der Kunde die Kosten der R\u00fccksendung zu tragen.<\/li>\n<\/ol>\n<p>&nbsp;<\/p>\n<p><strong>6 Eigentumsvorbehalt und Sicherungsrechte<\/strong><\/p>\n<ol>\n<li>Das Eigentum an allen von uns gelieferten Waren behalten wir uns bis zum restlosen Ausgleich aller unserer Forderungen vor. Hierzu z\u00e4hlen auch bedingt bestehende und k\u00fcnftig entstehende Forderungen.<\/li>\n<li>Wenn der Wert des Vorbehalts die zu sichernden Forderungen aus der laufenden Gesch\u00e4ftsbeziehung um 20% \u00fcbersteigt, sind wir zur Freigabe der Vorbehaltsware auf Verlangen des K\u00e4ufers verpflichtet.<\/li>\n<\/ol>\n<p>&nbsp;<\/p>\n<p><strong>7 Gew\u00e4hrleistung, Garantie und R\u00fcckgaberecht<\/strong><\/p>\n<ol>\n<li>Die gesetzliche Gew\u00e4hrleistungsfrist betr\u00e4gt 2 Jahre, wenn der Kunde Verbraucher ist.<\/li>\n<li>Ohne die Einschr\u00e4nkung der gesetzlichen Gew\u00e4hrleistung gelten folgende zus\u00e4tzliche Bedingungen f\u00fcr die, von uns freiwillig gew\u00e4hrte Garantie:<br \/>\nDie erweiterte Garantie gilt nicht f\u00fcr Sch\u00e4den durch unsachgem\u00e4\u00dfen Gebrauch, durch fehlerhafte Montage oder durch am Produkt vorgenommenen \u00c4nderungen, durch St\u00fcrze oder durch \u00dcberbelastung des Produkts.<br \/>\nSaxonar beh\u00e4lt sich vor, defekte Produkte zu reparieren oder durch Nachfolgeprodukte zu ersetzen.<\/li>\n<li>Zur Erhebung von Garantie- und Gew\u00e4hrleistungsanspr\u00fcchen sind nur unsere unmittelbaren Kunden (Erstk\u00e4ufer) berechtigt.<\/li>\n<li>Nach dem aktuellen Stand der Technik ist es nicht m\u00f6glich, Computerprogramme (Software) und Datenverarbeitungsanlagen (Hardware) vollkommen fehlerfrei zu entwickeln und zu betreiben und s\u00e4mtliche Unw\u00e4gbarkeiten im Zusammenhang mit dem Medium Internet auszuschlie\u00dfen. Wir \u00fcbernehmen keine verschuldensunabh\u00e4ngige Haftung f\u00fcr Sch\u00e4den, die Nutzern oder Dritten aus der Nutzung als solcher unserer Internet-Plattform entstehen.<\/li>\n<\/ol>\n<p>&nbsp;<\/p>\n<p><strong>8 Haftung<\/strong><\/p>\n<ol>\n<li>Wir haften unbeschr\u00e4nkt f\u00fcr Vorsatz und grobe Fahrl\u00e4ssigkeit. F\u00fcr einfache Fahrl\u00e4ssigkeit haften wir au\u00dfer im Falle der Verletzung des Lebens, des K\u00f6rpers oder der Gesundheit nur, sofern wesentliche Vertragspflichten (Kardinalpflichten) verletzt werden.<\/li>\n<li>Die Haftung ist begrenzt auf den vertragstypischen und vorhersehbaren Schaden. Die Haftung f\u00fcr mittelbare und unvorhersehbare Sch\u00e4den, Produktions- und Nutzungsausfall, entgangenen Gewinn, ausgebliebene Einsparungen und Verm\u00f6genssch\u00e4den wegen Anspr\u00fcchen Dritter, ist im Falle einfacher Fahrl\u00e4ssigkeit au\u00dfer im Falle der Verletzung des Lebens, des K\u00f6rpers oder der Gesundheit ausgeschlossen.<\/li>\n<li>Eine weitergehende Haftung als in diesem Vertrag ist ohne R\u00fccksicht auf die Rechtsnatur des geltend gemachten Anspruchs ausgeschlossen. Vorstehende Haftungsbeschr\u00e4nkungen bzw. -ausschl\u00fcsse gelten nicht f\u00fcr eine gesetzlich zwingend vorgeschriebene verschuldensunabh\u00e4ngige Haftung (z.B. gem\u00e4\u00df Produkthaftungsgesetz) oder die Haftung aus einer verschuldensunabh\u00e4ngigen Garantie. Soweit die Haftung nach Ziffern 2 und 3ausgeschlossen oder beschr\u00e4nkt ist, gilt dies auch f\u00fcr die pers\u00f6nliche Haftung unserer Angestellten, Arbeitnehmer, Vertreter, Organe und Erf\u00fcllungsgehilfen.<\/li>\n<\/ol>\n<p>&nbsp;<\/p>\n<p><strong>9 Datenschutz<\/strong><\/p>\n<ol>\n<li>Die Daten des Kunden werden von uns unter Beachtung der einschl\u00e4gigen Vorschriften der Bundesdatenschutzgesetze (BDSG) und des Teledienstdatenschutzgesetzes (TDDSG) gespeichert und verarbeitet. Die pers\u00f6nlichen Daten werden nur f\u00fcr festgelegte, eindeutige und rechtm\u00e4\u00dfige Zwecke erhoben und nicht l\u00e4nger als n\u00f6tig personenbezogen aufbewahrt.<\/li>\n<li>Der Kunde hat ein Auskunfts-, Berichtigungs-, Sperrungs- und L\u00f6schungsrecht f\u00fcr seine bei uns gespeicherten Daten, es sei denn, die betreffenden Daten werden zur Erf\u00fcllung der Pflichten des geschlossenen Vertragsverh\u00e4ltnisses noch ben\u00f6tigt oder gesetzliche Regelungen stehen einer L\u00f6schung entgegen.<\/li>\n<li>Wir geben personenbezogene Daten einschlie\u00dflich der Hausadresse und Email-Adresse des Kunden nicht ohne das ausdr\u00fccklich erkl\u00e4rte Einverst\u00e4ndnis durch den Kunden an Dritte weiter. Ausgenommen hiervon sind unsere Dienstleistungspartner, die zur Bestellabwicklung die \u00dcbermittlung von Daten ben\u00f6tigen. In diesen F\u00e4llen beschr\u00e4nkt sich der Umfang der \u00fcbermittelten Daten jedoch nur auf das erforderliche Minimum. N\u00e4heres zum Datenschutz finden Sie in unserer <a href=\"\/de\/privacy-policy\/\">Datenschutzerkl\u00e4rung<\/a>.<\/li>\n<\/ol>\n<p>&nbsp;<\/p>\n<p><strong>10 Urheberrechte<\/strong><\/p>\n<ol>\n<li>An unserem Internet-Auftritt behalten wir uns alle Rechte vor. Texte, Bilder, T\u00f6ne, Grafiken, Animationen und Videos sowie deren Einbindung auf unseren Internet-Seiten unterliegen dem Schutz des Urheberrechts und anderer Schutzgesetze.<\/li>\n<li>Der Inhalt unserer Internet-Seiten darf nicht zu kommerziellen Zwecken kopiert, verbreitet, ver\u00e4ndert oder Dritten zug\u00e4nglich gemacht werden.<\/li>\n<li>Unsere Internet-Seiten enthalten Grafiken und Texte, die dem Copyright Dritter unterliegen. Soweit nicht anders angegeben, sind alle auf unseren Internet-Seiten angegebenen Markenzeichen und Produktbezeichnungen markenrechtlich gesch\u00fctzt.<br \/>\nDurch unsere Internet-Seiten wird keine Lizenz zur Nutzung des geistigen Eigentums von uns oder Dritten erteilt.<\/li>\n<\/ol>\n<p>&nbsp;<\/p>\n<p><strong>11 Hinweis auf Beteiligung am R\u00fccknahmesystem der Landbell AG<\/strong><\/p>\n<p>Hinsichtlich der von uns erstmals mit Ware bef\u00fcllten und an private Endverbraucher abgegebenen Verkaufsverpackungen hat sich unser Unternehmen zur Sicherstellung der Erf\u00fcllung unserer gesetzlichen Pflichten nach \u00a7 6 VerpackV dem bundesweit t\u00e4tigen R\u00fccknahmesystem der Landbell AG, Mainz, (Kundennummer: 4145584), angeschlossen. Weitere Informationen finden Sie auf der Website der Landbell AG.<\/p>\n<p>&nbsp;<\/p>\n<p><strong>13 Erf\u00fcllungsort, anwendbares Recht und Gerichtsstand<\/strong><\/p>\n<ol>\n<li>F\u00fcr Verbraucher und f\u00fcr sonstige Personen mit gew\u00f6hnlichem Sitz oder Aufenthalt in einem Mitgliedstaat der Europ\u00e4ischen Union (EU) oder des Europ\u00e4ischen Wirtschaftsraums (EWR) zum Zeitpunkt des Vertragsschlusses findet deutsches Recht unter Ausschluss des UN-Kaufrechts Anwendung.<\/li>\n<li>Unabh\u00e4ngig von dieser Rechtswahl gilt f\u00fcr Verbraucher stets auch das zwingende Verbraucherschutzrecht des Staates, in dem sie zum Zeitpunkt des Vertragsschlusses ihren gew\u00f6hnlichen Aufenthalt haben.<\/li>\n<li>F\u00fcr Verbraucher mit gew\u00f6hnlichem Aufenthalt in einem Staat, der weder der EU noch dem EWR angeh\u00f6rt, zum Zeitpunkt des Vertragsschlusses findet das Recht des Staates, in dem der Verbraucher zum Zeitpunkt des Vertragsschlusses seinen gew\u00f6hnlichen Aufenthalt hat, Anwendung.<\/li>\n<li>Ist der Kunde Kaufmann, juristische Person des \u00f6ffentlichen Rechts oder \u00f6ffentlich rechtliches Sonderverm\u00f6gen, ist ausschlie\u00dflicher Gerichtsstand f\u00fcr alle Streitigkeiten aus diesem Vertrag der Gesch\u00e4ftssitz der Firma Saxonar GmbH. Dasselbe gilt, wenn der Kunde keinen allgemeinen Gerichtsstand in Deutschland hat oder Wohnsitz oder gew\u00f6hnlicher Aufenthalt zum Zeitpunkt der Klageerhebung nicht bekannt sind.<\/li>\n<\/ol>\n<p><strong>14 Informationspflichten<\/strong><\/p>\n<ol>\n<li>Der Kunde ist bei der Registrierung \/ Angabe der Kundendaten auf www.power2max.de verpflichtet, wahrheitsgem\u00e4\u00dfe Angaben zu machen. Sofern sich Daten des Kunden \u00e4ndern, insbesondere Name, Anschrift, Email-Adresse und Telefonnummer, ist der Kunde verpflichtet, Saxonar diese \u00c4nderungen per Email an support@power2max.de mitzuteilen.<\/li>\n<li>Bei Angabe falscher oder fehlerhafter Daten, inklusive der Email-Adresse, k\u00f6nnen wir, soweit ein Vertrag zustande gekommen ist, vom Vertrag zur\u00fccktreten. Der R\u00fccktritt wird schriftlich erkl\u00e4rt. Die Schriftform ist auch durch Absenden einer Email gewahrt.<\/li>\n<li>Saxonar sendet dem Kunden nach Annahme des Angebots eine Email mit den Auftragsdaten (Auftragsbest\u00e4tigung) an die bei der Bestellung vom Kunden im Onlineshop angegebene Email-Adresse.<\/li>\n<li>Der Kunde hat daf\u00fcr Sorge zu tragen, dass die von ihm angegebene Email-Adresse ab dem Zeitpunkt der Bestellung empfangsbereit ist und nicht aufgrund von Weiterleitung, Stilllegung oder \u00dcberf\u00fcllung des Email-Kontos der Empfang von neuen Email-Nachrichten verhindert wird.<\/li>\n<\/ol>\n<p>&nbsp;<\/p>\n<p><strong>14. Salvatorische Klausel<\/strong><\/p>\n<p>Sollten einzelne Teile dieser Gesch\u00e4ftsbedingungen unwirksam sein, soll das gelten, was rechtlich zul\u00e4ssig ist und dem Gewollten wirtschaftlich am n\u00e4chsten kommt. Die \u00fcbrigen Klauseln behalten bei Unwirksamkeit einzelner Regelungen Ihre G\u00fcltigkeit.<\/p>\n","protected":false},"excerpt":{"rendered":"<p>Allgemeine Gesch\u00e4ftsbedingungen 1 Allgemeines Die nachfolgenden Liefer- und Gesch\u00e4ftsbedingungen gelten f\u00fcr alle Angebote, Kaufvertr\u00e4ge, Lieferungen und Dienstleistungen, die aufgrund von [&hellip;]<\/p>\n","protected":false},"author":1,"featured_media":4302,"parent":0,"menu_order":0,"comment_status":"closed","ping_status":"closed","template":"","meta":{"footnotes":""},"product_cat":[],"class_list":["post-7393","page","type-page","status-publish","has-post-thumbnail","hentry"],"acf":[],"_links":{"self":[{"href":"https:\/\/www.power2max.com\/de\/wp-json\/wp\/v2\/pages\/7393","targetHints":{"allow":["GET"]}}],"collection":[{"href":"https:\/\/www.power2max.com\/de\/wp-json\/wp\/v2\/pages"}],"about":[{"href":"https:\/\/www.power2max.com\/de\/wp-json\/wp\/v2\/types\/page"}],"author":[{"embeddable":true,"href":"https:\/\/www.power2max.com\/de\/wp-json\/wp\/v2\/users\/1"}],"replies":[{"embeddable":true,"href":"https:\/\/www.power2max.com\/de\/wp-json\/wp\/v2\/comments?post=7393"}],"version-history":[{"count":13,"href":"https:\/\/www.power2max.com\/de\/wp-json\/wp\/v2\/pages\/7393\/revisions"}],"predecessor-version":[{"id":64481,"href":"https:\/\/www.power2max.com\/de\/wp-json\/wp\/v2\/pages\/7393\/revisions\/64481"}],"wp:featuredmedia":[{"embeddable":true,"href":"https:\/\/www.power2max.com\/de\/wp-json\/wp\/v2\/media\/4302"}],"wp:attachment":[{"href":"https:\/\/www.power2max.com\/de\/wp-json\/wp\/v2\/media?parent=7393"}],"wp:term":[{"taxonomy":"product_cat","embeddable":true,"href":"https:\/\/www.power2max.com\/de\/wp-json\/wp\/v2\/product_cat?post=7393"}],"curies":[{"name":"wp","href":"https:\/\/api.w.org\/{rel}","templated":true}]}}