{"id":7381,"date":"2017-08-03T15:51:36","date_gmt":"2017-08-03T15:51:36","guid":{"rendered":"https:\/\/www.power2max.com\/shipping-costs\/"},"modified":"2023-02-13T12:55:30","modified_gmt":"2023-02-13T12:55:30","slug":"versandkosten","status":"publish","type":"page","link":"https:\/\/www.power2max.com\/de\/versandkosten\/","title":{"rendered":"Versandkosten"},"content":{"rendered":"<h3>Versandkosten<\/h3>\n<table class=\"tableizer-table\">\n<thead>\n<tr class=\"tableizer-firstrow\">\n<th>Land<\/th>\n<th>Kleinteile bis 29,00\u20ac<\/th>\n<th>per UPS ab 29,01 \u20ac<\/th>\n<\/tr>\n<\/thead>\n<tbody>\n<tr>\n<td>Argentinien<\/td>\n<td>14,90 \u20ac*<\/td>\n<td>75,00 \u20ac<\/td>\n<\/tr>\n<tr>\n<td>Australien<\/td>\n<td>14,90 \u20ac*<\/td>\n<td>95,00 \u20ac<\/td>\n<\/tr>\n<tr>\n<td>Belgien<\/td>\n<td>9,90 \u20ac<\/td>\n<td>19,90 \u20ac<\/td>\n<\/tr>\n<tr>\n<td>Brasilien<\/td>\n<td>14,90 \u20ac*<\/td>\n<td>75,00 \u20ac<\/td>\n<\/tr>\n<tr>\n<td>Bulgarien<\/td>\n<td>9,90 \u20ac<\/td>\n<td>19,90 \u20ac<\/td>\n<\/tr>\n<tr>\n<td>Chile<\/td>\n<td>14,90 \u20ac*<\/td>\n<td>75,00 \u20ac<\/td>\n<\/tr>\n<tr>\n<td>Costa Rica<\/td>\n<td>14,90 \u20ac*<\/td>\n<td>75,00 \u20ac<\/td>\n<\/tr>\n<tr>\n<td>D\u00e4nemark<\/td>\n<td>9,90 \u20ac<\/td>\n<td>19,90 \u20ac<\/td>\n<\/tr>\n<tr>\n<td>Deutschland<\/td>\n<td>4,90 \u20ac<\/td>\n<td>9,90 \u20ac<\/td>\n<\/tr>\n<tr>\n<td>Estland<\/td>\n<td>9,90 \u20ac<\/td>\n<td>19,90 \u20ac<\/td>\n<\/tr>\n<tr>\n<td>Finland<\/td>\n<td>9,90 \u20ac<\/td>\n<td>19,90 \u20ac<\/td>\n<\/tr>\n<tr>\n<td>Frankreich<\/td>\n<td>9,90 \u20ac<\/td>\n<td>19,90 \u20ac<\/td>\n<\/tr>\n<tr>\n<td>Gibraltar<\/td>\n<td>14,90 \u20ac<\/td>\n<td>75,00 \u20ac<\/td>\n<\/tr>\n<tr>\n<td>Griechenland<\/td>\n<td>9,90 \u20ac<\/td>\n<td>19,90 \u20ac<\/td>\n<\/tr>\n<tr>\n<td>Gr\u00f6nland<\/td>\n<td>14,90 \u20ac*<\/td>\n<td>54,90 \u20ac<\/td>\n<\/tr>\n<tr>\n<td>Guadeloupe<\/td>\n<td>14,90 \u20ac*<\/td>\n<td>129,00 \u20ac<\/td>\n<\/tr>\n<tr>\n<td>Guatemala<\/td>\n<td>14,90 \u20ac*<\/td>\n<td>89,00 \u20ac<\/td>\n<\/tr>\n<tr>\n<td>Irland<\/td>\n<td>9,90 \u20ac<\/td>\n<td>24,90 \u20ac<\/td>\n<\/tr>\n<tr>\n<td>Island<\/td>\n<td>9,90 \u20ac<\/td>\n<td>54,90 \u20ac<\/td>\n<\/tr>\n<tr>\n<td>Italien<\/td>\n<td>9,90 \u20ac<\/td>\n<td>24,90 \u20ac<\/td>\n<\/tr>\n<tr>\n<td>Kolumbien<\/td>\n<td>14,90 \u20ac*<\/td>\n<td>89,00 \u20ac<\/td>\n<\/tr>\n<tr>\n<td>Kroatien<\/td>\n<td>9,90 \u20ac<\/td>\n<td>19,90 \u20ac<\/td>\n<\/tr>\n<tr>\n<td>Lettland<\/td>\n<td>9,90 \u20ac<\/td>\n<td>19,90 \u20ac<\/td>\n<\/tr>\n<tr>\n<td>Liechtenstein<\/td>\n<td>9,90 \u20ac<\/td>\n<td>19,90 \u20ac<\/td>\n<\/tr>\n<tr>\n<td>Lithauen<\/td>\n<td>9,90 \u20ac<\/td>\n<td>19,90 \u20ac<\/td>\n<\/tr>\n<tr>\n<td>Luxemburg<\/td>\n<td>9,90 \u20ac<\/td>\n<td>19,90 \u20ac<\/td>\n<\/tr>\n<tr>\n<td>Malta<\/td>\n<td>9,90 \u20ac<\/td>\n<td>49,90 \u20ac<\/td>\n<\/tr>\n<tr>\n<td>Melilla<\/td>\n<td>14,90 \u20ac*<\/td>\n<td>129,00 \u20ac<\/td>\n<\/tr>\n<tr>\n<td>Mexiko<\/td>\n<td>14,90 \u20ac*<\/td>\n<td>129,00 \u20ac<\/td>\n<\/tr>\n<tr>\n<td>Neuseeland<\/td>\n<td>14,90 \u20ac*<\/td>\n<td>95,00 \u20ac<\/td>\n<\/tr>\n<tr>\n<td>Niederlande<\/td>\n<td>9,90 \u20ac<\/td>\n<td>19,90 \u20ac<\/td>\n<\/tr>\n<tr>\n<td>Nordirland<\/td>\n<td>9,90 \u20ac<\/td>\n<td>19,90 \u20ac<\/td>\n<\/tr>\n<tr>\n<td>Norwegen<\/td>\n<td>14,90 \u20ac<\/td>\n<td>29,00 \u20ac<\/td>\n<\/tr>\n<tr>\n<td>\u00d6sterreich<\/td>\n<td>9,90 \u20ac<\/td>\n<td>19,90 \u20ac<\/td>\n<\/tr>\n<tr>\n<td>Polen<\/td>\n<td>9,90 \u20ac<\/td>\n<td>19,90 \u20ac<\/td>\n<\/tr>\n<tr>\n<td>Portugal<\/td>\n<td>9,90 \u20ac<\/td>\n<td>19,90 \u20ac<\/td>\n<\/tr>\n<tr>\n<td>Rum\u00e4nien<\/td>\n<td>9,90 \u20ac<\/td>\n<td>19,90 \u20ac<\/td>\n<\/tr>\n<tr>\n<td>Schweden<\/td>\n<td>9,90 \u20ac<\/td>\n<td>19,90 \u20ac<\/td>\n<\/tr>\n<tr>\n<td>Schweiz<\/td>\n<td>14,90 \u20ac<\/td>\n<td>29,00 \u20ac<\/td>\n<\/tr>\n<tr>\n<td>Singapore<\/td>\n<td>14,90 \u20ac*<\/td>\n<td>75,00 \u20ac<\/td>\n<\/tr>\n<tr>\n<td>Slowakei<\/td>\n<td>9,90 \u20ac<\/td>\n<td>19,90 \u20ac<\/td>\n<\/tr>\n<tr>\n<td>Slowenien<\/td>\n<td>9,90 \u20ac<\/td>\n<td>19,90 \u20ac<\/td>\n<\/tr>\n<tr>\n<td>Spanien (Balearen)<\/td>\n<td>14,90 \u20ac<\/td>\n<td>29,90 \u20ac<\/td>\n<\/tr>\n<tr>\n<td>Spanien (Festland)<\/td>\n<td>9,90 \u20ac<\/td>\n<td>24,90 \u20ac<\/td>\n<\/tr>\n<tr>\n<td>Spanien (Kanarische Inseln)<\/td>\n<td>14,90 \u20ac<\/td>\n<td>89,00 \u20ac<\/td>\n<\/tr>\n<tr>\n<td>Taiwan<\/td>\n<td>14,90 \u20ac*<\/td>\n<td>75,00 \u20ac<\/td>\n<\/tr>\n<tr>\n<td>Thailand<\/td>\n<td>14,90 \u20ac*<\/td>\n<td>75,00 \u20ac<\/td>\n<\/tr>\n<tr>\n<td>Tschechische Republik<\/td>\n<td>9,90 \u20ac<\/td>\n<td>19,90 \u20ac<\/td>\n<\/tr>\n<tr>\n<td>T\u00fcrkei<\/td>\n<td>14,90 \u20ac<\/td>\n<td>75,00 \u20ac<\/td>\n<\/tr>\n<tr>\n<td>Ungarn<\/td>\n<td>9,90 \u20ac<\/td>\n<td>19,90 \u20ac<\/td>\n<\/tr>\n<tr>\n<td>Vereinigte Arabische Emirate<\/td>\n<td>14,90 \u20ac*<\/td>\n<td>89,00 \u20ac<\/td>\n<\/tr>\n<tr>\n<td>Vereinigtes K\u00f6nigreich (au\u00dfer Nordirland)<\/td>\n<td>14,90 \u20ac<\/td>\n<td>29,00 \u20ac<\/td>\n<\/tr>\n<tr>\n<td>Vereinigtes K\u00f6nigreich (Kanalinseln)<\/td>\n<td>14,90 \u20ac<\/td>\n<td>44,90 \u20ac<\/td>\n<\/tr>\n<tr>\n<td>Zypern<\/td>\n<td>9,90 \u20ac<\/td>\n<td>49,90 \u20ac<\/td>\n<\/tr>\n<\/tbody>\n<\/table>\n<p>Versandkosten f\u00fcr Lieferungen in EU-L\u00e4nder enthalten die deutsche oder die l\u00e4nderspezifische Mehrwertsteuer.<\/p>\n<p>Versandkosten in weitere L\u00e4nder auf Anfrage.<\/p>\n<p>*Der Versand von Kleinteilen in Drittl\u00e4nder dauert ca. 5-6 Wochen<\/p>\n","protected":false},"excerpt":{"rendered":"<p>Versandkosten Land Kleinteile bis 29,00\u20ac per UPS ab 29,01 \u20ac Argentinien 14,90 \u20ac* 75,00 \u20ac Australien 14,90 \u20ac* 95,00 \u20ac [&hellip;]<\/p>\n","protected":false},"author":1,"featured_media":0,"parent":0,"menu_order":0,"comment_status":"closed","ping_status":"closed","template":"","meta":{"footnotes":""},"product_cat":[],"class_list":["post-7381","page","type-page","status-publish","hentry"],"acf":[],"_links":{"self":[{"href":"https:\/\/www.power2max.com\/de\/wp-json\/wp\/v2\/pages\/7381","targetHints":{"allow":["GET"]}}],"collection":[{"href":"https:\/\/www.power2max.com\/de\/wp-json\/wp\/v2\/pages"}],"about":[{"href":"https:\/\/www.power2max.com\/de\/wp-json\/wp\/v2\/types\/page"}],"author":[{"embeddable":true,"href":"https:\/\/www.power2max.com\/de\/wp-json\/wp\/v2\/users\/1"}],"replies":[{"embeddable":true,"href":"https:\/\/www.power2max.com\/de\/wp-json\/wp\/v2\/comments?post=7381"}],"version-history":[{"count":16,"href":"https:\/\/www.power2max.com\/de\/wp-json\/wp\/v2\/pages\/7381\/revisions"}],"predecessor-version":[{"id":57855,"href":"https:\/\/www.power2max.com\/de\/wp-json\/wp\/v2\/pages\/7381\/revisions\/57855"}],"wp:attachment":[{"href":"https:\/\/www.power2max.com\/de\/wp-json\/wp\/v2\/media?parent=7381"}],"wp:term":[{"taxonomy":"product_cat","embeddable":true,"href":"https:\/\/www.power2max.com\/de\/wp-json\/wp\/v2\/product_cat?post=7381"}],"curies":[{"name":"wp","href":"https:\/\/api.w.org\/{rel}","templated":true}]}}