{"id":5266,"date":"2017-07-19T14:15:57","date_gmt":"2017-07-19T14:15:57","guid":{"rendered":"https:\/\/www.power2max.com\/about-power2max\/"},"modified":"2018-12-28T08:01:21","modified_gmt":"2018-12-28T08:01:21","slug":"wir-sind-power2max","status":"publish","type":"page","link":"https:\/\/www.power2max.com\/de\/wir-sind-power2max\/","title":{"rendered":"Wir sind power2max"},"content":{"rendered":"<p style=\"text-align: left;\">Die Geschichte von power2max beginnt in 2006, als die Idee entstand einen neuen Powermeter zu entwickeln. Damals arbeiteten die beiden Gr\u00fcnder noch in der Automobilindustrie und entwickelten und bauten Fernbedienungen f\u00fcr f\u00fchrenden Hersteller. Als begeisterte Radfahrer mit einer Leidenschaft f\u00fcr Technologie suchten Marco und Andreas nach dem passenden Powermeter um damit zu trainieren und Rennen zu fahren, sie wurden allerdings nicht f\u00fcndig. Entweder entsprachen die Powermeter nicht ihren Preisvorstellungen oder ihren technischen Erwartungen in Bezug auf Pr\u00e4zision und Zuverl\u00e4ssigkeit.<\/p>\n<p style=\"text-align: left;\">Das Ziel war also klar: Einen zuverl\u00e4ssigen, einfach zu bedienenden und pr\u00e4zisen <a href=\"https:\/\/www.power2max.com\/de\/2018\/09\/cycling-power-meter-basics-1\/\" target=\"_blank\" rel=\"noopener\">Powermeter<\/a> entwickeln und f\u00fcr einen fairen Preis anbieten!<\/p>\n<p>&nbsp;<\/p>\n<h2>So ist power2max entstanden!<\/h2>\n","protected":false},"excerpt":{"rendered":"<p>Die Geschichte von power2max beginnt in 2006, als die Idee entstand einen neuen Powermeter zu entwickeln. Damals arbeiteten die beiden [&hellip;]<\/p>\n","protected":false},"author":1,"featured_media":4919,"parent":0,"menu_order":0,"comment_status":"closed","ping_status":"closed","template":"page-templates\/page-about.php","meta":{"footnotes":""},"product_cat":[],"class_list":["post-5266","page","type-page","status-publish","has-post-thumbnail","hentry"],"acf":[],"_links":{"self":[{"href":"https:\/\/www.power2max.com\/de\/wp-json\/wp\/v2\/pages\/5266","targetHints":{"allow":["GET"]}}],"collection":[{"href":"https:\/\/www.power2max.com\/de\/wp-json\/wp\/v2\/pages"}],"about":[{"href":"https:\/\/www.power2max.com\/de\/wp-json\/wp\/v2\/types\/page"}],"author":[{"embeddable":true,"href":"https:\/\/www.power2max.com\/de\/wp-json\/wp\/v2\/users\/1"}],"replies":[{"embeddable":true,"href":"https:\/\/www.power2max.com\/de\/wp-json\/wp\/v2\/comments?post=5266"}],"version-history":[{"count":11,"href":"https:\/\/www.power2max.com\/de\/wp-json\/wp\/v2\/pages\/5266\/revisions"}],"predecessor-version":[{"id":20744,"href":"https:\/\/www.power2max.com\/de\/wp-json\/wp\/v2\/pages\/5266\/revisions\/20744"}],"wp:featuredmedia":[{"embeddable":true,"href":"https:\/\/www.power2max.com\/de\/wp-json\/wp\/v2\/media\/4919"}],"wp:attachment":[{"href":"https:\/\/www.power2max.com\/de\/wp-json\/wp\/v2\/media?parent=5266"}],"wp:term":[{"taxonomy":"product_cat","embeddable":true,"href":"https:\/\/www.power2max.com\/de\/wp-json\/wp\/v2\/product_cat?post=5266"}],"curies":[{"name":"wp","href":"https:\/\/api.w.org\/{rel}","templated":true}]}}