{"id":5225,"date":"2017-08-07T11:59:19","date_gmt":"2017-08-07T11:59:19","guid":{"rendered":"https:\/\/www.power2max.com\/p2m-finder\/"},"modified":"2022-07-27T22:20:37","modified_gmt":"2022-07-27T22:20:37","slug":"p2m-finder","status":"publish","type":"page","link":"https:\/\/www.power2max.com\/de\/p2m-finder\/","title":{"rendered":"p2m finder"},"content":{"rendered":"<p style=\"text-align: left;\">Um den richtigen Powermeter f\u00fcr dein Rad zu finden musst du nur drei einfache Fragen beantworten:<\/p>\n<ol>\n<li style=\"text-align: left;\"><strong>Wie viel m\u00f6chtest du f\u00fcr deinen Powermeter ausgeben?<\/strong><\/li>\n<li style=\"text-align: left;\"><strong>Welchen Kurbelsatz hast du an deinem Bike?<\/strong><\/li>\n<li style=\"text-align: left;\"><strong>Welche Kettenblattgr\u00f6\u00dfe m\u00f6chtest du nutzen?<\/strong><\/li>\n<\/ol>\n<p>&nbsp;<\/p>\n","protected":false},"excerpt":{"rendered":"<p>Um den richtigen Powermeter f\u00fcr dein Rad zu finden musst du nur drei einfache Fragen beantworten: Wie viel m\u00f6chtest du [&hellip;]<\/p>\n","protected":false},"author":1,"featured_media":4377,"parent":0,"menu_order":0,"comment_status":"closed","ping_status":"closed","template":"page-templates\/page-about.php","meta":{"footnotes":""},"product_cat":[],"acf":[],"_links":{"self":[{"href":"https:\/\/www.power2max.com\/de\/wp-json\/wp\/v2\/pages\/5225"}],"collection":[{"href":"https:\/\/www.power2max.com\/de\/wp-json\/wp\/v2\/pages"}],"about":[{"href":"https:\/\/www.power2max.com\/de\/wp-json\/wp\/v2\/types\/page"}],"author":[{"embeddable":true,"href":"https:\/\/www.power2max.com\/de\/wp-json\/wp\/v2\/users\/1"}],"replies":[{"embeddable":true,"href":"https:\/\/www.power2max.com\/de\/wp-json\/wp\/v2\/comments?post=5225"}],"version-history":[{"count":13,"href":"https:\/\/www.power2max.com\/de\/wp-json\/wp\/v2\/pages\/5225\/revisions"}],"predecessor-version":[{"id":54636,"href":"https:\/\/www.power2max.com\/de\/wp-json\/wp\/v2\/pages\/5225\/revisions\/54636"}],"wp:featuredmedia":[{"embeddable":true,"href":"https:\/\/www.power2max.com\/de\/wp-json\/wp\/v2\/media\/4377"}],"wp:attachment":[{"href":"https:\/\/www.power2max.com\/de\/wp-json\/wp\/v2\/media?parent=5225"}],"wp:term":[{"taxonomy":"product_cat","embeddable":true,"href":"https:\/\/www.power2max.com\/de\/wp-json\/wp\/v2\/product_cat?post=5225"}],"curies":[{"name":"wp","href":"https:\/\/api.w.org\/{rel}","templated":true}]}}